{"id":11,"date":"2020-05-17T12:55:29","date_gmt":"2020-05-17T12:55:29","guid":{"rendered":"https:\/\/hashivah.j-town.com\/?page_id=11"},"modified":"2020-06-28T11:38:19","modified_gmt":"2020-06-28T11:38:19","slug":"about-this-website","status":"publish","type":"page","link":"https:\/\/hashivah.org\/da\/about-this-website\/","title":{"rendered":"OM DETTE WEBSITE"},"content":{"rendered":"<p>Denne hjemmeside tager sp\u00f8rgsm\u00e5l op af betydning for j\u00f8der og venner af Israel fra religi\u00f8se, historiske, juridiske og politiske perspektiver. Den er en del af LEMA\u00b4AN ZIONs\u00a0<em>Hasbarah<\/em>-program til at formidle information og afklaring p\u00e5 en r\u00e6kke emner omkring Torah- og Bibel relaterede sp\u00f8rgsm\u00e5l, antisemitisme, j\u00f8de-kristne forhold, staten Israel, den arabisk-israeliske konflikt, etc. De hebraiske ord\u00a0<em>\u201cLema\u00b4an Zion\u201d<\/em>\u00a0betyder \u201cFor Zions skyld\u201d, og er taget fra Esajas Bog i Bibelen:<em>\u00a0\u201cFor Zions skyld vil jeg ej tie, for Jerusalems skyld ej hvile\u201d<\/em>\u00a0(62, 1).<\/p>","protected":false},"excerpt":{"rendered":"<p>Denne hjemmeside tager sp\u00f8rgsm\u00e5l op af betydning for j\u00f8der og venner af Israel fra religi\u00f8se, historiske, juridiske og politiske perspektiver. Den er en del af LEMA\u00b4AN ZIONs\u00a0Hasbarah-program til at formidle information og afklaring p\u00e5 en r\u00e6kke emner omkring Torah- og Bibel relaterede sp\u00f8rgsm\u00e5l, antisemitisme, j\u00f8de-kristne forhold, staten Israel, den arabisk-israeliske konflikt, etc. De hebraiske ord\u00a0\u201cLema\u00b4an [&hellip;]<\/p>\n","protected":false},"author":7,"featured_media":0,"parent":0,"menu_order":10,"comment_status":"closed","ping_status":"closed","template":"","meta":{"_monsterinsights_skip_tracking":false,"_monsterinsights_sitenote_active":false,"_monsterinsights_sitenote_note":"","_monsterinsights_sitenote_category":0,"footnotes":""},"class_list":["post-11","page","type-page","status-publish","hentry"],"yoast_head":"<!-- This site is optimized with the Yoast SEO plugin v27.2 - https:\/\/yoast.com\/product\/yoast-seo-wordpress\/ -->\n<title>OM DETTE WEBSITE - Lema&#039;an Zion<\/title>\n<meta name=\"robots\" content=\"index, follow, max-snippet:-1, max-image-preview:large, max-video-preview:-1\" \/>\n<link rel=\"canonical\" href=\"https:\/\/hashivah.org\/sv\/about-this-website\/\" \/>\n<meta property=\"og:locale\" content=\"da_DK\" \/>\n<meta property=\"og:type\" content=\"article\" \/>\n<meta property=\"og:title\" content=\"OM DETTE WEBSITE - Lema&#039;an Zion\" \/>\n<meta property=\"og:description\" content=\"Denne hjemmeside tager sp\u00f8rgsm\u00e5l op af betydning for j\u00f8der og venner af Israel fra religi\u00f8se, historiske, juridiske og politiske perspektiver. Den er en del af LEMA\u00b4AN ZIONs\u00a0Hasbarah-program til at formidle information og afklaring p\u00e5 en r\u00e6kke emner omkring Torah- og Bibel relaterede sp\u00f8rgsm\u00e5l, antisemitisme, j\u00f8de-kristne forhold, staten Israel, den arabisk-israeliske konflikt, etc. De hebraiske ord\u00a0\u201cLema\u00b4an [&hellip;]\" \/>\n<meta property=\"og:url\" content=\"https:\/\/hashivah.org\/sv\/about-this-website\/\" \/>\n<meta property=\"og:site_name\" content=\"Lema&#039;an Zion\" \/>\n<meta property=\"article:modified_time\" content=\"2020-06-28T11:38:19+00:00\" \/>\n<meta name=\"twitter:card\" content=\"summary_large_image\" \/>\n<meta name=\"twitter:label1\" content=\"Estimeret l\u00e6setid\" \/>\n\t<meta name=\"twitter:data1\" content=\"2 minutter\" \/>\n<script type=\"application\/ld+json\" class=\"yoast-schema-graph\">{\"@context\":\"https:\/\/schema.org\",\"@graph\":[{\"@type\":\"WebPage\",\"@id\":\"https:\/\/hashivah.org\/sv\/about-this-website\/\",\"url\":\"https:\/\/hashivah.org\/sv\/about-this-website\/\",\"name\":\"OM DETTE WEBSITE - Lema&#039;an Zion\",\"isPartOf\":{\"@id\":\"https:\/\/hashivah.org\/#website\"},\"datePublished\":\"2020-05-17T12:55:29+00:00\",\"dateModified\":\"2020-06-28T11:38:19+00:00\",\"breadcrumb\":{\"@id\":\"https:\/\/hashivah.org\/sv\/about-this-website\/#breadcrumb\"},\"inLanguage\":\"da-DK\",\"potentialAction\":[{\"@type\":\"ReadAction\",\"target\":[\"https:\/\/hashivah.org\/sv\/about-this-website\/\"]}]},{\"@type\":\"BreadcrumbList\",\"@id\":\"https:\/\/hashivah.org\/sv\/about-this-website\/#breadcrumb\",\"itemListElement\":[{\"@type\":\"ListItem\",\"position\":1,\"name\":\"Home\",\"item\":\"https:\/\/hashivah.org\/\"},{\"@type\":\"ListItem\",\"position\":2,\"name\":\"FAKTA OM HEMSIDAN\"}]},{\"@type\":\"WebSite\",\"@id\":\"https:\/\/hashivah.org\/#website\",\"url\":\"https:\/\/hashivah.org\/\",\"name\":\"Lema&#039;an Zion\",\"description\":\"My WordPress Blog\",\"potentialAction\":[{\"@type\":\"SearchAction\",\"target\":{\"@type\":\"EntryPoint\",\"urlTemplate\":\"https:\/\/hashivah.org\/?s={search_term_string}\"},\"query-input\":{\"@type\":\"PropertyValueSpecification\",\"valueRequired\":true,\"valueName\":\"search_term_string\"}}],\"inLanguage\":\"da-DK\"}]}<\/script>\n<!-- \/ Yoast SEO plugin. -->","yoast_head_json":{"title":"OM DETTE WEBSITE - Lema&#039;an Zion","robots":{"index":"index","follow":"follow","max-snippet":"max-snippet:-1","max-image-preview":"max-image-preview:large","max-video-preview":"max-video-preview:-1"},"canonical":"https:\/\/hashivah.org\/sv\/about-this-website\/","og_locale":"da_DK","og_type":"article","og_title":"OM DETTE WEBSITE - Lema&#039;an Zion","og_description":"Denne hjemmeside tager sp\u00f8rgsm\u00e5l op af betydning for j\u00f8der og venner af Israel fra religi\u00f8se, historiske, juridiske og politiske perspektiver. Den er en del af LEMA\u00b4AN ZIONs\u00a0Hasbarah-program til at formidle information og afklaring p\u00e5 en r\u00e6kke emner omkring Torah- og Bibel relaterede sp\u00f8rgsm\u00e5l, antisemitisme, j\u00f8de-kristne forhold, staten Israel, den arabisk-israeliske konflikt, etc. De hebraiske ord\u00a0\u201cLema\u00b4an [&hellip;]","og_url":"https:\/\/hashivah.org\/sv\/about-this-website\/","og_site_name":"Lema&#039;an Zion","article_modified_time":"2020-06-28T11:38:19+00:00","twitter_card":"summary_large_image","twitter_misc":{"Estimeret l\u00e6setid":"2 minutter"},"schema":{"@context":"https:\/\/schema.org","@graph":[{"@type":"WebPage","@id":"https:\/\/hashivah.org\/sv\/about-this-website\/","url":"https:\/\/hashivah.org\/sv\/about-this-website\/","name":"OM DETTE WEBSITE - Lema&#039;an Zion","isPartOf":{"@id":"https:\/\/hashivah.org\/#website"},"datePublished":"2020-05-17T12:55:29+00:00","dateModified":"2020-06-28T11:38:19+00:00","breadcrumb":{"@id":"https:\/\/hashivah.org\/sv\/about-this-website\/#breadcrumb"},"inLanguage":"da-DK","potentialAction":[{"@type":"ReadAction","target":["https:\/\/hashivah.org\/sv\/about-this-website\/"]}]},{"@type":"BreadcrumbList","@id":"https:\/\/hashivah.org\/sv\/about-this-website\/#breadcrumb","itemListElement":[{"@type":"ListItem","position":1,"name":"Home","item":"https:\/\/hashivah.org\/"},{"@type":"ListItem","position":2,"name":"FAKTA OM HEMSIDAN"}]},{"@type":"WebSite","@id":"https:\/\/hashivah.org\/#website","url":"https:\/\/hashivah.org\/","name":"Lema&#039;an Zion","description":"My WordPress Blog","potentialAction":[{"@type":"SearchAction","target":{"@type":"EntryPoint","urlTemplate":"https:\/\/hashivah.org\/?s={search_term_string}"},"query-input":{"@type":"PropertyValueSpecification","valueRequired":true,"valueName":"search_term_string"}}],"inLanguage":"da-DK"}]}},"wps_subtitle":"","_links":{"self":[{"href":"https:\/\/hashivah.org\/da\/wp-json\/wp\/v2\/pages\/11","targetHints":{"allow":["GET"]}}],"collection":[{"href":"https:\/\/hashivah.org\/da\/wp-json\/wp\/v2\/pages"}],"about":[{"href":"https:\/\/hashivah.org\/da\/wp-json\/wp\/v2\/types\/page"}],"author":[{"embeddable":true,"href":"https:\/\/hashivah.org\/da\/wp-json\/wp\/v2\/users\/7"}],"replies":[{"embeddable":true,"href":"https:\/\/hashivah.org\/da\/wp-json\/wp\/v2\/comments?post=11"}],"version-history":[{"count":4,"href":"https:\/\/hashivah.org\/da\/wp-json\/wp\/v2\/pages\/11\/revisions"}],"predecessor-version":[{"id":3012,"href":"https:\/\/hashivah.org\/da\/wp-json\/wp\/v2\/pages\/11\/revisions\/3012"}],"wp:attachment":[{"href":"https:\/\/hashivah.org\/da\/wp-json\/wp\/v2\/media?parent=11"}],"curies":[{"name":"wp","href":"https:\/\/api.w.org\/{rel}","templated":true}]}}